{"id":12,"date":"2025-01-26T19:09:07","date_gmt":"2025-01-26T19:09:07","guid":{"rendered":"https:\/\/legalrocketscience.com\/?page_id=12"},"modified":"2025-04-21T18:02:19","modified_gmt":"2025-04-21T18:02:19","slug":"home","status":"publish","type":"page","link":"https:\/\/legalrocketscience.com\/en\/home\/","title":{"rendered":"Twoi doradcy prawni"},"content":{"rendered":"","protected":false},"excerpt":{"rendered":"","protected":false},"author":1,"featured_media":0,"parent":0,"menu_order":0,"comment_status":"closed","ping_status":"closed","template":"","meta":{"footnotes":""},"class_list":["post-12","page","type-page","status-publish","hentry"],"yoast_head":"<!-- This site is optimized with the Yoast SEO plugin v27.4 - https:\/\/yoast.com\/product\/yoast-seo-wordpress\/ -->\n<title>Twoi doradcy prawni - Legal rocket science. \u015awietni prawnicy od technologii.<\/title>\n<meta name=\"description\" content=\"Pomagamy przedsi\u0119biorcom dzia\u0142a\u0107 zgodnie z prawem. Znamy si\u0119 m.in. na cyberbezpiecze\u0144stwie, AI, wymogach dla produkt\u00f3w, ochronie \u015brodowiska.\" \/>\n<meta name=\"robots\" content=\"index, follow, max-snippet:-1, max-image-preview:large, max-video-preview:-1\" \/>\n<link rel=\"canonical\" href=\"https:\/\/legalrocketscience.com\/en\/home\/\" \/>\n<meta property=\"og:locale\" content=\"en_GB\" \/>\n<meta property=\"og:type\" content=\"article\" \/>\n<meta property=\"og:title\" content=\"Twoi doradcy prawni - Legal rocket science. \u015awietni prawnicy od technologii.\" \/>\n<meta property=\"og:description\" content=\"Pomagamy przedsi\u0119biorcom dzia\u0142a\u0107 zgodnie z prawem. Znamy si\u0119 m.in. na cyberbezpiecze\u0144stwie, AI, wymogach dla produkt\u00f3w, ochronie \u015brodowiska.\" \/>\n<meta property=\"og:url\" content=\"https:\/\/legalrocketscience.com\/en\/home\/\" \/>\n<meta property=\"og:site_name\" content=\"Legal rocket science. \u015awietni prawnicy od technologii.\" \/>\n<meta property=\"article:modified_time\" content=\"2025-04-21T18:02:19+00:00\" \/>\n<meta property=\"og:image\" content=\"https:\/\/legalrocketscience.com\/wp-content\/uploads\/2025\/02\/logo_legalrocketscience_white_web-scaled.jpg\" \/>\n\t<meta property=\"og:image:width\" content=\"2560\" \/>\n\t<meta property=\"og:image:height\" content=\"1051\" \/>\n\t<meta property=\"og:image:type\" content=\"image\/jpeg\" \/>\n<meta name=\"twitter:card\" content=\"summary_large_image\" \/>\n<script type=\"application\/ld+json\" class=\"yoast-schema-graph\">{\"@context\":\"https:\\\/\\\/schema.org\",\"@graph\":[{\"@type\":\"WebPage\",\"@id\":\"https:\\\/\\\/legalrocketscience.com\\\/home\\\/\",\"url\":\"https:\\\/\\\/legalrocketscience.com\\\/home\\\/\",\"name\":\"Twoi doradcy prawni - Legal rocket science. \u015awietni prawnicy od technologii.\",\"isPartOf\":{\"@id\":\"https:\\\/\\\/legalrocketscience.com\\\/#website\"},\"datePublished\":\"2025-01-26T19:09:07+00:00\",\"dateModified\":\"2025-04-21T18:02:19+00:00\",\"description\":\"Pomagamy przedsi\u0119biorcom dzia\u0142a\u0107 zgodnie z prawem. Znamy si\u0119 m.in. na cyberbezpiecze\u0144stwie, AI, wymogach dla produkt\u00f3w, ochronie \u015brodowiska.\",\"breadcrumb\":{\"@id\":\"https:\\\/\\\/legalrocketscience.com\\\/home\\\/#breadcrumb\"},\"inLanguage\":\"en-GB\",\"potentialAction\":[{\"@type\":\"ReadAction\",\"target\":[\"https:\\\/\\\/legalrocketscience.com\\\/home\\\/\"]}]},{\"@type\":\"BreadcrumbList\",\"@id\":\"https:\\\/\\\/legalrocketscience.com\\\/home\\\/#breadcrumb\",\"itemListElement\":[{\"@type\":\"ListItem\",\"position\":1,\"name\":\"Strona g\u0142\u00f3wna\",\"item\":\"https:\\\/\\\/legalrocketscience.com\\\/\"},{\"@type\":\"ListItem\",\"position\":2,\"name\":\"Twoi doradcy prawni\"}]},{\"@type\":\"WebSite\",\"@id\":\"https:\\\/\\\/legalrocketscience.com\\\/#website\",\"url\":\"https:\\\/\\\/legalrocketscience.com\\\/\",\"name\":\"\u015awietni prawnicy od technologii\",\"description\":\"Z nami prawo ma sens - znamy na to przepis.\",\"publisher\":{\"@id\":\"https:\\\/\\\/legalrocketscience.com\\\/#organization\"},\"alternateName\":\"Lawyers excelling in new tech law\",\"potentialAction\":[{\"@type\":\"SearchAction\",\"target\":{\"@type\":\"EntryPoint\",\"urlTemplate\":\"https:\\\/\\\/legalrocketscience.com\\\/?s={search_term_string}\"},\"query-input\":{\"@type\":\"PropertyValueSpecification\",\"valueRequired\":true,\"valueName\":\"search_term_string\"}}],\"inLanguage\":\"en-GB\"},{\"@type\":\"Organization\",\"@id\":\"https:\\\/\\\/legalrocketscience.com\\\/#organization\",\"name\":\"\u015awietni prawnicy od technologii.\",\"alternateName\":\"Lawyers excelling in new tech law\",\"url\":\"https:\\\/\\\/legalrocketscience.com\\\/\",\"logo\":{\"@type\":\"ImageObject\",\"inLanguage\":\"en-GB\",\"@id\":\"https:\\\/\\\/legalrocketscience.com\\\/#\\\/schema\\\/logo\\\/image\\\/\",\"url\":\"https:\\\/\\\/legalrocketscience.com\\\/wp-content\\\/uploads\\\/2025\\\/02\\\/logo_legalrocketscience_white_web-scaled.jpg\",\"contentUrl\":\"https:\\\/\\\/legalrocketscience.com\\\/wp-content\\\/uploads\\\/2025\\\/02\\\/logo_legalrocketscience_white_web-scaled.jpg\",\"width\":2560,\"height\":1051,\"caption\":\"\u015awietni prawnicy od technologii.\"},\"image\":{\"@id\":\"https:\\\/\\\/legalrocketscience.com\\\/#\\\/schema\\\/logo\\\/image\\\/\"}}]}<\/script>\n<!-- \/ Yoast SEO plugin. -->","yoast_head_json":{"title":"Twoi doradcy prawni - Legal rocket science. \u015awietni prawnicy od technologii.","description":"Pomagamy przedsi\u0119biorcom dzia\u0142a\u0107 zgodnie z prawem. Znamy si\u0119 m.in. na cyberbezpiecze\u0144stwie, AI, wymogach dla produkt\u00f3w, ochronie \u015brodowiska.","robots":{"index":"index","follow":"follow","max-snippet":"max-snippet:-1","max-image-preview":"max-image-preview:large","max-video-preview":"max-video-preview:-1"},"canonical":"https:\/\/legalrocketscience.com\/en\/home\/","og_locale":"en_GB","og_type":"article","og_title":"Twoi doradcy prawni - Legal rocket science. \u015awietni prawnicy od technologii.","og_description":"Pomagamy przedsi\u0119biorcom dzia\u0142a\u0107 zgodnie z prawem. Znamy si\u0119 m.in. na cyberbezpiecze\u0144stwie, AI, wymogach dla produkt\u00f3w, ochronie \u015brodowiska.","og_url":"https:\/\/legalrocketscience.com\/en\/home\/","og_site_name":"Legal rocket science. \u015awietni prawnicy od technologii.","article_modified_time":"2025-04-21T18:02:19+00:00","og_image":[{"width":2560,"height":1051,"url":"https:\/\/legalrocketscience.com\/wp-content\/uploads\/2025\/02\/logo_legalrocketscience_white_web-scaled.jpg","type":"image\/jpeg"}],"twitter_card":"summary_large_image","schema":{"@context":"https:\/\/schema.org","@graph":[{"@type":"WebPage","@id":"https:\/\/legalrocketscience.com\/home\/","url":"https:\/\/legalrocketscience.com\/home\/","name":"Twoi doradcy prawni - Legal rocket science. \u015awietni prawnicy od technologii.","isPartOf":{"@id":"https:\/\/legalrocketscience.com\/#website"},"datePublished":"2025-01-26T19:09:07+00:00","dateModified":"2025-04-21T18:02:19+00:00","description":"Pomagamy przedsi\u0119biorcom dzia\u0142a\u0107 zgodnie z prawem. Znamy si\u0119 m.in. na cyberbezpiecze\u0144stwie, AI, wymogach dla produkt\u00f3w, ochronie \u015brodowiska.","breadcrumb":{"@id":"https:\/\/legalrocketscience.com\/home\/#breadcrumb"},"inLanguage":"en-GB","potentialAction":[{"@type":"ReadAction","target":["https:\/\/legalrocketscience.com\/home\/"]}]},{"@type":"BreadcrumbList","@id":"https:\/\/legalrocketscience.com\/home\/#breadcrumb","itemListElement":[{"@type":"ListItem","position":1,"name":"Strona g\u0142\u00f3wna","item":"https:\/\/legalrocketscience.com\/"},{"@type":"ListItem","position":2,"name":"Twoi doradcy prawni"}]},{"@type":"WebSite","@id":"https:\/\/legalrocketscience.com\/#website","url":"https:\/\/legalrocketscience.com\/","name":"\u015awietni prawnicy od technologii","description":"Z nami prawo ma sens - znamy na to przepis.","publisher":{"@id":"https:\/\/legalrocketscience.com\/#organization"},"alternateName":"Lawyers excelling in new tech law","potentialAction":[{"@type":"SearchAction","target":{"@type":"EntryPoint","urlTemplate":"https:\/\/legalrocketscience.com\/?s={search_term_string}"},"query-input":{"@type":"PropertyValueSpecification","valueRequired":true,"valueName":"search_term_string"}}],"inLanguage":"en-GB"},{"@type":"Organization","@id":"https:\/\/legalrocketscience.com\/#organization","name":"\u015awietni prawnicy od technologii.","alternateName":"Lawyers excelling in new tech law","url":"https:\/\/legalrocketscience.com\/","logo":{"@type":"ImageObject","inLanguage":"en-GB","@id":"https:\/\/legalrocketscience.com\/#\/schema\/logo\/image\/","url":"https:\/\/legalrocketscience.com\/wp-content\/uploads\/2025\/02\/logo_legalrocketscience_white_web-scaled.jpg","contentUrl":"https:\/\/legalrocketscience.com\/wp-content\/uploads\/2025\/02\/logo_legalrocketscience_white_web-scaled.jpg","width":2560,"height":1051,"caption":"\u015awietni prawnicy od technologii."},"image":{"@id":"https:\/\/legalrocketscience.com\/#\/schema\/logo\/image\/"}}]}},"_links":{"self":[{"href":"https:\/\/legalrocketscience.com\/en\/wp-json\/wp\/v2\/pages\/12","targetHints":{"allow":["GET"]}}],"collection":[{"href":"https:\/\/legalrocketscience.com\/en\/wp-json\/wp\/v2\/pages"}],"about":[{"href":"https:\/\/legalrocketscience.com\/en\/wp-json\/wp\/v2\/types\/page"}],"author":[{"embeddable":true,"href":"https:\/\/legalrocketscience.com\/en\/wp-json\/wp\/v2\/users\/1"}],"replies":[{"embeddable":true,"href":"https:\/\/legalrocketscience.com\/en\/wp-json\/wp\/v2\/comments?post=12"}],"version-history":[{"count":8,"href":"https:\/\/legalrocketscience.com\/en\/wp-json\/wp\/v2\/pages\/12\/revisions"}],"predecessor-version":[{"id":1325,"href":"https:\/\/legalrocketscience.com\/en\/wp-json\/wp\/v2\/pages\/12\/revisions\/1325"}],"wp:attachment":[{"href":"https:\/\/legalrocketscience.com\/en\/wp-json\/wp\/v2\/media?parent=12"}],"curies":[{"name":"wp","href":"https:\/\/api.w.org\/{rel}","templated":true}]}}