{"id":2,"date":"2025-01-09T06:02:27","date_gmt":"2025-01-09T06:02:27","guid":{"rendered":"http:\/\/legalrocketscience.com\/?page_id=2"},"modified":"2026-04-11T21:02:00","modified_gmt":"2026-04-11T21:02:00","slug":"o-nas","status":"publish","type":"page","link":"https:\/\/legalrocketscience.com\/en\/o-nas\/","title":{"rendered":"About us"},"content":{"rendered":"<p>We empower businesses that develop a competitive advantage using cutting-edge products and technology. Our approach is effective and pragmatic. Working in agile project teams, in partnership with experts from diverse fields, we deliver outstanding results. We have assembled a team of top-tier technology specialists with an innovative mindset regarding law and compliance.<\/p>\n\n\n\n<p>Our expertise extends beyond resolving everyday issues, drafting contracts, and creating documentation. We assist companies in their market expansion, provide counsel on investment planning and execution, financing acquisition, and infrastructure operation. We are well-versed in the secure deployment and maintenance of systems and machinery. Moreover, we are equipped to assist you when a contractor defaults, or a client fails to pay for goods or services. Discover the individual driving our Law Firm's success.<\/p>\n\n\n\n<div class=\"wp-block-columns alignwide is-layout-flex wp-container-core-columns-is-layout-28232c24 wp-block-columns-is-layout-flex\">\n<div class=\"wp-block-column is-layout-flow wp-block-column-is-layout-flow\">\n<figure class=\"wp-block-image size-full\"><img loading=\"lazy\" decoding=\"async\" width=\"894\" height=\"1146\" src=\"https:\/\/legalrocketscience.com\/wp-content\/uploads\/2026\/04\/59-wersja-3-scaled-e1775941146536.jpg\" alt=\"\" class=\"wp-image-1474\" srcset=\"https:\/\/legalrocketscience.com\/wp-content\/uploads\/2026\/04\/59-wersja-3-scaled-e1775941146536.jpg 894w, https:\/\/legalrocketscience.com\/wp-content\/uploads\/2026\/04\/59-wersja-3-scaled-e1775941146536-234x300.jpg 234w, https:\/\/legalrocketscience.com\/wp-content\/uploads\/2026\/04\/59-wersja-3-scaled-e1775941146536-799x1024.jpg 799w, https:\/\/legalrocketscience.com\/wp-content\/uploads\/2026\/04\/59-wersja-3-scaled-e1775941146536-768x984.jpg 768w, https:\/\/legalrocketscience.com\/wp-content\/uploads\/2026\/04\/59-wersja-3-scaled-e1775941146536-9x12.jpg 9w\" sizes=\"auto, (max-width: 894px) 100vw, 894px\" \/><\/figure>\n<\/div>\n\n\n\n<div class=\"wp-block-column is-vertically-aligned-center is-layout-flow wp-block-column-is-layout-flow\" style=\"padding-top:24px;padding-right:24px;padding-bottom:24px;padding-left:24px\">\n<div class=\"wp-block-group is-content-justification-left is-nowrap is-layout-flex wp-container-core-group-is-layout-fc9f69e7 wp-block-group-is-layout-flex\">\n<h2 class=\"wp-block-heading has-text-align-right\">dr Monika Bogda\u0142<\/h2>\n<\/div>\n\n\n\n<p class=\"has-text-align-left\"><strong>Attorney-at-law, economist, ISO 27001 lead auditor.<\/strong> <\/p>\n\n\n\n<p class=\"has-text-align-left\">Recognized expert specializing in new technology law and environmental protection. She helps companies ensure that their processes and products comply with legal requirements. She has extensive knowledge of regulated sectors. She has advised on securing critical infrastructure in the energy, telecommunications, transportation, and water and sewage sectors <\/p>\n\n\n\n<p class=\"has-text-align-left\">With almost 15 years of experience, she dissects business processes to their core. She grasps the complexities of technology implementation within businesses. She assists in minimizing cyber risks in compliance with NIS2, national cyber regulations, GDPR, and ISO requirements. She provides guidance on managing the aftermath of data breaches and cybersecurity incidents. <\/p>\n<\/div>\n<\/div>\n\n\n\n<p>She provides expert opinions on incident reporting frameworks and offers guidance on risk management that aligns with quality management systems and ERM practices. She creates and negotiates agreements for software development and servicing. She facilitates the setup of cybersecurity structures and effective cooperation with external Security Operations Centers (SOCs).<\/p>\n\n\n\n<p>Clients can count on her skills in acquiring permits and approvals necessary to operate their business in EU. She is highly knowledgeable in waste management practices that meets legal requirements. She helps with completing international waste transport documentation, calculating fees in regards to packaging of goods and recycling obligations or assessing the validity of Polish Waste Database records.<\/p>\n\n\n\n<p>Drawing on years of experience, she knows how to specify the requirements for products subject to REACH and CLP regulations, as well as sectoral product regulations (for construction, electrical, electronic, or pressure equipment). Product declarations and labels hold no secrets for her. She creates Factory Production Control Procedures (FPC) and procedures related to the recall of non-compliant products.<\/p>\n\n\n\n<p>She support clients during inspections conducted by market surveillance authorities such as Voivodeship Inspectorate of Building Supervision, General Inspectorate of Building Supervision, Regional Inspectorate for Environmental Protection, Office of Competition and Consumer Protection. And represents them in proceedings before administrative courts. She has extensive experience in rescuing businesses in critical situations.<\/p>","protected":false},"excerpt":{"rendered":"<p>Wspieramy przedsi\u0119biorc\u00f3w, kt\u00f3rzy buduj\u0105 swoj\u0105 przewag\u0119 rynkow\u0105 dzi\u0119ki innowacyjnym produktom i wykorzystaniu technologii. Jeste\u015bmy skuteczni i pragmatyczni w dzia\u0142aniu. Pracujemy w zwinnych zespo\u0142ach projektowych, dzi\u0119ki wsp\u00f3\u0142pracy z partnerami z r\u00f3\u017cnych specjalizacji. Tworzymy zesp\u00f3\u0142 \u015bwietnych specjalist\u00f3w od technologii z innowacyjnym podej\u015bciem do prawa i wdra\u017cania compliance. Mamy do\u015bwiadczenie nie tylko w rozwi\u0105zywaniu codziennych problem\u00f3w, opiniowaniu um\u00f3w [&hellip;]<\/p>\n","protected":false},"author":1,"featured_media":0,"parent":0,"menu_order":0,"comment_status":"closed","ping_status":"closed","template":"","meta":{"footnotes":""},"class_list":["post-2","page","type-page","status-publish","hentry"],"yoast_head":"<!-- This site is optimized with the Yoast SEO plugin v27.5 - https:\/\/yoast.com\/product\/yoast-seo-wordpress\/ -->\n<title>O nas - Legal rocket science. \u015awietni prawnicy od technologii.<\/title>\n<meta name=\"description\" content=\"Wspieramy prawnie firmy, kt\u00f3re buduj\u0105 swoj\u0105 przewag\u0119 rynkow\u0105 dzi\u0119ki innowacyjnym produktom i wykorzystaniu nowych technologii.\" \/>\n<meta name=\"robots\" content=\"index, follow, max-snippet:-1, max-image-preview:large, max-video-preview:-1\" \/>\n<link rel=\"canonical\" href=\"https:\/\/legalrocketscience.com\/en\/o-nas\/\" \/>\n<meta property=\"og:locale\" content=\"en_GB\" \/>\n<meta property=\"og:type\" content=\"article\" \/>\n<meta property=\"og:title\" content=\"O nas - Legal rocket science. \u015awietni prawnicy od technologii.\" \/>\n<meta property=\"og:description\" content=\"Wspieramy prawnie firmy, kt\u00f3re buduj\u0105 swoj\u0105 przewag\u0119 rynkow\u0105 dzi\u0119ki innowacyjnym produktom i wykorzystaniu nowych technologii.\" \/>\n<meta property=\"og:url\" content=\"https:\/\/legalrocketscience.com\/en\/o-nas\/\" \/>\n<meta property=\"og:site_name\" content=\"Legal rocket science. \u015awietni prawnicy od technologii.\" \/>\n<meta property=\"article:modified_time\" content=\"2026-04-11T21:02:00+00:00\" \/>\n<meta property=\"og:image\" content=\"https:\/\/legalrocketscience.com\/wp-content\/uploads\/2026\/04\/59-wersja-3-scaled-e1775941146536.jpg\" \/>\n\t<meta property=\"og:image:width\" content=\"894\" \/>\n\t<meta property=\"og:image:height\" content=\"1146\" \/>\n\t<meta property=\"og:image:type\" content=\"image\/jpeg\" \/>\n<meta name=\"twitter:card\" content=\"summary_large_image\" \/>\n<meta name=\"twitter:label1\" content=\"Estimated reading time\" \/>\n\t<meta name=\"twitter:data1\" content=\"3 minutes\" \/>\n<script type=\"application\/ld+json\" class=\"yoast-schema-graph\">{\"@context\":\"https:\\\/\\\/schema.org\",\"@graph\":[{\"@type\":\"WebPage\",\"@id\":\"https:\\\/\\\/legalrocketscience.com\\\/o-nas\\\/\",\"url\":\"https:\\\/\\\/legalrocketscience.com\\\/o-nas\\\/\",\"name\":\"O nas - Legal rocket science. \u015awietni prawnicy od technologii.\",\"isPartOf\":{\"@id\":\"https:\\\/\\\/legalrocketscience.com\\\/#website\"},\"primaryImageOfPage\":{\"@id\":\"https:\\\/\\\/legalrocketscience.com\\\/o-nas\\\/#primaryimage\"},\"image\":{\"@id\":\"https:\\\/\\\/legalrocketscience.com\\\/o-nas\\\/#primaryimage\"},\"thumbnailUrl\":\"https:\\\/\\\/legalrocketscience.com\\\/wp-content\\\/uploads\\\/2026\\\/04\\\/59-wersja-3-scaled-e1775941146536.jpg\",\"datePublished\":\"2025-01-09T06:02:27+00:00\",\"dateModified\":\"2026-04-11T21:02:00+00:00\",\"description\":\"Wspieramy prawnie firmy, kt\u00f3re buduj\u0105 swoj\u0105 przewag\u0119 rynkow\u0105 dzi\u0119ki innowacyjnym produktom i wykorzystaniu nowych technologii.\",\"breadcrumb\":{\"@id\":\"https:\\\/\\\/legalrocketscience.com\\\/o-nas\\\/#breadcrumb\"},\"inLanguage\":\"en-GB\",\"potentialAction\":[{\"@type\":\"ReadAction\",\"target\":[\"https:\\\/\\\/legalrocketscience.com\\\/o-nas\\\/\"]}]},{\"@type\":\"ImageObject\",\"inLanguage\":\"en-GB\",\"@id\":\"https:\\\/\\\/legalrocketscience.com\\\/o-nas\\\/#primaryimage\",\"url\":\"https:\\\/\\\/legalrocketscience.com\\\/wp-content\\\/uploads\\\/2026\\\/04\\\/59-wersja-3-scaled-e1775941146536.jpg\",\"contentUrl\":\"https:\\\/\\\/legalrocketscience.com\\\/wp-content\\\/uploads\\\/2026\\\/04\\\/59-wersja-3-scaled-e1775941146536.jpg\"},{\"@type\":\"BreadcrumbList\",\"@id\":\"https:\\\/\\\/legalrocketscience.com\\\/o-nas\\\/#breadcrumb\",\"itemListElement\":[{\"@type\":\"ListItem\",\"position\":1,\"name\":\"Strona g\u0142\u00f3wna\",\"item\":\"https:\\\/\\\/legalrocketscience.com\\\/\"},{\"@type\":\"ListItem\",\"position\":2,\"name\":\"O nas\"}]},{\"@type\":\"WebSite\",\"@id\":\"https:\\\/\\\/legalrocketscience.com\\\/#website\",\"url\":\"https:\\\/\\\/legalrocketscience.com\\\/\",\"name\":\"\u015awietni prawnicy od technologii\",\"description\":\"Z nami prawo ma sens - znamy na to przepis.\",\"publisher\":{\"@id\":\"https:\\\/\\\/legalrocketscience.com\\\/#organization\"},\"alternateName\":\"Lawyers excelling in new tech law\",\"potentialAction\":[{\"@type\":\"SearchAction\",\"target\":{\"@type\":\"EntryPoint\",\"urlTemplate\":\"https:\\\/\\\/legalrocketscience.com\\\/?s={search_term_string}\"},\"query-input\":{\"@type\":\"PropertyValueSpecification\",\"valueRequired\":true,\"valueName\":\"search_term_string\"}}],\"inLanguage\":\"en-GB\"},{\"@type\":\"Organization\",\"@id\":\"https:\\\/\\\/legalrocketscience.com\\\/#organization\",\"name\":\"\u015awietni prawnicy od technologii.\",\"alternateName\":\"Lawyers excelling in new tech law\",\"url\":\"https:\\\/\\\/legalrocketscience.com\\\/\",\"logo\":{\"@type\":\"ImageObject\",\"inLanguage\":\"en-GB\",\"@id\":\"https:\\\/\\\/legalrocketscience.com\\\/#\\\/schema\\\/logo\\\/image\\\/\",\"url\":\"https:\\\/\\\/legalrocketscience.com\\\/wp-content\\\/uploads\\\/2025\\\/02\\\/logo_legalrocketscience_white_web-scaled.jpg\",\"contentUrl\":\"https:\\\/\\\/legalrocketscience.com\\\/wp-content\\\/uploads\\\/2025\\\/02\\\/logo_legalrocketscience_white_web-scaled.jpg\",\"width\":2560,\"height\":1051,\"caption\":\"\u015awietni prawnicy od technologii.\"},\"image\":{\"@id\":\"https:\\\/\\\/legalrocketscience.com\\\/#\\\/schema\\\/logo\\\/image\\\/\"}}]}<\/script>\n<!-- \/ Yoast SEO plugin. -->","yoast_head_json":{"title":"O nas - Legal rocket science. \u015awietni prawnicy od technologii.","description":"Wspieramy prawnie firmy, kt\u00f3re buduj\u0105 swoj\u0105 przewag\u0119 rynkow\u0105 dzi\u0119ki innowacyjnym produktom i wykorzystaniu nowych technologii.","robots":{"index":"index","follow":"follow","max-snippet":"max-snippet:-1","max-image-preview":"max-image-preview:large","max-video-preview":"max-video-preview:-1"},"canonical":"https:\/\/legalrocketscience.com\/en\/o-nas\/","og_locale":"en_GB","og_type":"article","og_title":"O nas - Legal rocket science. \u015awietni prawnicy od technologii.","og_description":"Wspieramy prawnie firmy, kt\u00f3re buduj\u0105 swoj\u0105 przewag\u0119 rynkow\u0105 dzi\u0119ki innowacyjnym produktom i wykorzystaniu nowych technologii.","og_url":"https:\/\/legalrocketscience.com\/en\/o-nas\/","og_site_name":"Legal rocket science. \u015awietni prawnicy od technologii.","article_modified_time":"2026-04-11T21:02:00+00:00","og_image":[{"width":894,"height":1146,"url":"https:\/\/legalrocketscience.com\/wp-content\/uploads\/2026\/04\/59-wersja-3-scaled-e1775941146536.jpg","type":"image\/jpeg"}],"twitter_card":"summary_large_image","twitter_misc":{"Estimated reading time":"3 minutes"},"schema":{"@context":"https:\/\/schema.org","@graph":[{"@type":"WebPage","@id":"https:\/\/legalrocketscience.com\/o-nas\/","url":"https:\/\/legalrocketscience.com\/o-nas\/","name":"O nas - Legal rocket science. \u015awietni prawnicy od technologii.","isPartOf":{"@id":"https:\/\/legalrocketscience.com\/#website"},"primaryImageOfPage":{"@id":"https:\/\/legalrocketscience.com\/o-nas\/#primaryimage"},"image":{"@id":"https:\/\/legalrocketscience.com\/o-nas\/#primaryimage"},"thumbnailUrl":"https:\/\/legalrocketscience.com\/wp-content\/uploads\/2026\/04\/59-wersja-3-scaled-e1775941146536.jpg","datePublished":"2025-01-09T06:02:27+00:00","dateModified":"2026-04-11T21:02:00+00:00","description":"Wspieramy prawnie firmy, kt\u00f3re buduj\u0105 swoj\u0105 przewag\u0119 rynkow\u0105 dzi\u0119ki innowacyjnym produktom i wykorzystaniu nowych technologii.","breadcrumb":{"@id":"https:\/\/legalrocketscience.com\/o-nas\/#breadcrumb"},"inLanguage":"en-GB","potentialAction":[{"@type":"ReadAction","target":["https:\/\/legalrocketscience.com\/o-nas\/"]}]},{"@type":"ImageObject","inLanguage":"en-GB","@id":"https:\/\/legalrocketscience.com\/o-nas\/#primaryimage","url":"https:\/\/legalrocketscience.com\/wp-content\/uploads\/2026\/04\/59-wersja-3-scaled-e1775941146536.jpg","contentUrl":"https:\/\/legalrocketscience.com\/wp-content\/uploads\/2026\/04\/59-wersja-3-scaled-e1775941146536.jpg"},{"@type":"BreadcrumbList","@id":"https:\/\/legalrocketscience.com\/o-nas\/#breadcrumb","itemListElement":[{"@type":"ListItem","position":1,"name":"Strona g\u0142\u00f3wna","item":"https:\/\/legalrocketscience.com\/"},{"@type":"ListItem","position":2,"name":"O nas"}]},{"@type":"WebSite","@id":"https:\/\/legalrocketscience.com\/#website","url":"https:\/\/legalrocketscience.com\/","name":"\u015awietni prawnicy od technologii","description":"Z nami prawo ma sens - znamy na to przepis.","publisher":{"@id":"https:\/\/legalrocketscience.com\/#organization"},"alternateName":"Lawyers excelling in new tech law","potentialAction":[{"@type":"SearchAction","target":{"@type":"EntryPoint","urlTemplate":"https:\/\/legalrocketscience.com\/?s={search_term_string}"},"query-input":{"@type":"PropertyValueSpecification","valueRequired":true,"valueName":"search_term_string"}}],"inLanguage":"en-GB"},{"@type":"Organization","@id":"https:\/\/legalrocketscience.com\/#organization","name":"\u015awietni prawnicy od technologii.","alternateName":"Lawyers excelling in new tech law","url":"https:\/\/legalrocketscience.com\/","logo":{"@type":"ImageObject","inLanguage":"en-GB","@id":"https:\/\/legalrocketscience.com\/#\/schema\/logo\/image\/","url":"https:\/\/legalrocketscience.com\/wp-content\/uploads\/2025\/02\/logo_legalrocketscience_white_web-scaled.jpg","contentUrl":"https:\/\/legalrocketscience.com\/wp-content\/uploads\/2025\/02\/logo_legalrocketscience_white_web-scaled.jpg","width":2560,"height":1051,"caption":"\u015awietni prawnicy od technologii."},"image":{"@id":"https:\/\/legalrocketscience.com\/#\/schema\/logo\/image\/"}}]}},"_links":{"self":[{"href":"https:\/\/legalrocketscience.com\/en\/wp-json\/wp\/v2\/pages\/2","targetHints":{"allow":["GET"]}}],"collection":[{"href":"https:\/\/legalrocketscience.com\/en\/wp-json\/wp\/v2\/pages"}],"about":[{"href":"https:\/\/legalrocketscience.com\/en\/wp-json\/wp\/v2\/types\/page"}],"author":[{"embeddable":true,"href":"https:\/\/legalrocketscience.com\/en\/wp-json\/wp\/v2\/users\/1"}],"replies":[{"embeddable":true,"href":"https:\/\/legalrocketscience.com\/en\/wp-json\/wp\/v2\/comments?post=2"}],"version-history":[{"count":29,"href":"https:\/\/legalrocketscience.com\/en\/wp-json\/wp\/v2\/pages\/2\/revisions"}],"predecessor-version":[{"id":1479,"href":"https:\/\/legalrocketscience.com\/en\/wp-json\/wp\/v2\/pages\/2\/revisions\/1479"}],"wp:attachment":[{"href":"https:\/\/legalrocketscience.com\/en\/wp-json\/wp\/v2\/media?parent=2"}],"curies":[{"name":"wp","href":"https:\/\/api.w.org\/{rel}","templated":true}]}}