{"id":687,"date":"2025-02-14T21:29:29","date_gmt":"2025-02-14T21:29:29","guid":{"rendered":"https:\/\/legalrocketscience.com\/kokpit\/"},"modified":"2025-03-10T01:13:30","modified_gmt":"2025-03-10T01:13:30","slug":"szkolenia","status":"publish","type":"page","link":"https:\/\/legalrocketscience.com\/en\/szkolenia\/","title":{"rendered":"Courses"},"content":{"rendered":"<p>We are working on materials that will be available here soon. If you want to stay up to date, sign up for our newsletter \u2013 we will inform you when new courses are published.<\/p>\n\n\n\n<div class=\"wp-block-buttons is-content-justification-center is-layout-flex wp-container-core-buttons-is-layout-a89b3969 wp-block-buttons-is-layout-flex\">\n<div class=\"wp-block-button\"><a class=\"wp-block-button__link wp-element-button\" href=\"https:\/\/legalrocketscience.com\/en\/oferta\/#alert_prawny\">Subscribe<\/a><\/div>\n<\/div>\n\n\n\n<div class=\"wp-block-cover\" style=\"min-height:100vh;aspect-ratio:unset;\"><span aria-hidden=\"true\" class=\"wp-block-cover__background has-background-dim\"><\/span><img loading=\"lazy\" decoding=\"async\" width=\"512\" height=\"512\" class=\"wp-block-cover__image-background wp-image-1151\" alt=\"\" src=\"https:\/\/legalrocketscience.com\/wp-content\/uploads\/2025\/03\/image.png\" data-object-fit=\"cover\" srcset=\"https:\/\/legalrocketscience.com\/wp-content\/uploads\/2025\/03\/image.png 512w, https:\/\/legalrocketscience.com\/wp-content\/uploads\/2025\/03\/image-300x300.png 300w, https:\/\/legalrocketscience.com\/wp-content\/uploads\/2025\/03\/image-150x150.png 150w, https:\/\/legalrocketscience.com\/wp-content\/uploads\/2025\/03\/image-12x12.png 12w\" sizes=\"auto, (max-width: 512px) 100vw, 512px\" \/><div class=\"wp-block-cover__inner-container is-layout-flow wp-block-cover-is-layout-flow\">\n<p class=\"has-text-align-center has-large-font-size\"><\/p>\n<\/div><\/div>","protected":false},"excerpt":{"rendered":"<p>We are working on materials that will be available here soon. If you want to stay up to date, sign up for our newsletter \u2013 we will inform you when new courses are published.<\/p>","protected":false},"author":1,"featured_media":0,"parent":0,"menu_order":0,"comment_status":"closed","ping_status":"closed","template":"","meta":{"footnotes":""},"class_list":["post-687","page","type-page","status-publish","hentry"],"yoast_head":"<!-- This site is optimized with the Yoast SEO plugin v27.3 - https:\/\/yoast.com\/product\/yoast-seo-wordpress\/ -->\n<title>Szkolenia - Legal rocket science. \u015awietni prawnicy od technologii.<\/title>\n<meta name=\"robots\" content=\"index, follow, max-snippet:-1, max-image-preview:large, max-video-preview:-1\" \/>\n<link rel=\"canonical\" href=\"https:\/\/legalrocketscience.com\/en\/szkolenia\/\" \/>\n<meta property=\"og:locale\" content=\"en_GB\" \/>\n<meta property=\"og:type\" content=\"article\" \/>\n<meta property=\"og:title\" content=\"Szkolenia - Legal rocket science. \u015awietni prawnicy od technologii.\" \/>\n<meta property=\"og:description\" content=\"Pracujemy nad materia\u0142ami, kt\u00f3re b\u0119d\u0105 tutaj ju\u017c wkr\u00f3tce dost\u0119pne. Je\u017celi chcesz by\u0107 na bie\u017c\u0105co, zapisz si\u0119 do naszego newslettera &#8211; poinformujemy Ci\u0119 o opublikowaniu nowych kurs\u00f3w.\" \/>\n<meta property=\"og:url\" content=\"https:\/\/legalrocketscience.com\/en\/szkolenia\/\" \/>\n<meta property=\"og:site_name\" content=\"Legal rocket science. \u015awietni prawnicy od technologii.\" \/>\n<meta property=\"article:modified_time\" content=\"2025-03-10T01:13:30+00:00\" \/>\n<meta property=\"og:image\" content=\"https:\/\/legalrocketscience.com\/wp-content\/uploads\/2025\/03\/image.png\" \/>\n<meta name=\"twitter:card\" content=\"summary_large_image\" \/>\n<meta name=\"twitter:label1\" content=\"Estimated reading time\" \/>\n\t<meta name=\"twitter:data1\" content=\"1 minute\" \/>\n<script type=\"application\/ld+json\" class=\"yoast-schema-graph\">{\"@context\":\"https:\\\/\\\/schema.org\",\"@graph\":[{\"@type\":\"WebPage\",\"@id\":\"https:\\\/\\\/legalrocketscience.com\\\/szkolenia\\\/\",\"url\":\"https:\\\/\\\/legalrocketscience.com\\\/szkolenia\\\/\",\"name\":\"Szkolenia - Legal rocket science. \u015awietni prawnicy od technologii.\",\"isPartOf\":{\"@id\":\"https:\\\/\\\/legalrocketscience.com\\\/#website\"},\"primaryImageOfPage\":{\"@id\":\"https:\\\/\\\/legalrocketscience.com\\\/szkolenia\\\/#primaryimage\"},\"image\":{\"@id\":\"https:\\\/\\\/legalrocketscience.com\\\/szkolenia\\\/#primaryimage\"},\"thumbnailUrl\":\"https:\\\/\\\/legalrocketscience.com\\\/wp-content\\\/uploads\\\/2025\\\/03\\\/image.png\",\"datePublished\":\"2025-02-14T21:29:29+00:00\",\"dateModified\":\"2025-03-10T01:13:30+00:00\",\"breadcrumb\":{\"@id\":\"https:\\\/\\\/legalrocketscience.com\\\/szkolenia\\\/#breadcrumb\"},\"inLanguage\":\"en-GB\",\"potentialAction\":[{\"@type\":\"ReadAction\",\"target\":[\"https:\\\/\\\/legalrocketscience.com\\\/szkolenia\\\/\"]}]},{\"@type\":\"ImageObject\",\"inLanguage\":\"en-GB\",\"@id\":\"https:\\\/\\\/legalrocketscience.com\\\/szkolenia\\\/#primaryimage\",\"url\":\"https:\\\/\\\/legalrocketscience.com\\\/wp-content\\\/uploads\\\/2025\\\/03\\\/image.png\",\"contentUrl\":\"https:\\\/\\\/legalrocketscience.com\\\/wp-content\\\/uploads\\\/2025\\\/03\\\/image.png\"},{\"@type\":\"BreadcrumbList\",\"@id\":\"https:\\\/\\\/legalrocketscience.com\\\/szkolenia\\\/#breadcrumb\",\"itemListElement\":[{\"@type\":\"ListItem\",\"position\":1,\"name\":\"Strona g\u0142\u00f3wna\",\"item\":\"https:\\\/\\\/legalrocketscience.com\\\/\"},{\"@type\":\"ListItem\",\"position\":2,\"name\":\"Szkolenia\"}]},{\"@type\":\"WebSite\",\"@id\":\"https:\\\/\\\/legalrocketscience.com\\\/#website\",\"url\":\"https:\\\/\\\/legalrocketscience.com\\\/\",\"name\":\"\u015awietni prawnicy od technologii\",\"description\":\"Z nami prawo ma sens - znamy na to przepis.\",\"publisher\":{\"@id\":\"https:\\\/\\\/legalrocketscience.com\\\/#organization\"},\"alternateName\":\"Lawyers excelling in new tech law\",\"potentialAction\":[{\"@type\":\"SearchAction\",\"target\":{\"@type\":\"EntryPoint\",\"urlTemplate\":\"https:\\\/\\\/legalrocketscience.com\\\/?s={search_term_string}\"},\"query-input\":{\"@type\":\"PropertyValueSpecification\",\"valueRequired\":true,\"valueName\":\"search_term_string\"}}],\"inLanguage\":\"en-GB\"},{\"@type\":\"Organization\",\"@id\":\"https:\\\/\\\/legalrocketscience.com\\\/#organization\",\"name\":\"\u015awietni prawnicy od technologii.\",\"alternateName\":\"Lawyers excelling in new tech law\",\"url\":\"https:\\\/\\\/legalrocketscience.com\\\/\",\"logo\":{\"@type\":\"ImageObject\",\"inLanguage\":\"en-GB\",\"@id\":\"https:\\\/\\\/legalrocketscience.com\\\/#\\\/schema\\\/logo\\\/image\\\/\",\"url\":\"https:\\\/\\\/legalrocketscience.com\\\/wp-content\\\/uploads\\\/2025\\\/02\\\/logo_legalrocketscience_white_web-scaled.jpg\",\"contentUrl\":\"https:\\\/\\\/legalrocketscience.com\\\/wp-content\\\/uploads\\\/2025\\\/02\\\/logo_legalrocketscience_white_web-scaled.jpg\",\"width\":2560,\"height\":1051,\"caption\":\"\u015awietni prawnicy od technologii.\"},\"image\":{\"@id\":\"https:\\\/\\\/legalrocketscience.com\\\/#\\\/schema\\\/logo\\\/image\\\/\"}}]}<\/script>\n<!-- \/ Yoast SEO plugin. -->","yoast_head_json":{"title":"Szkolenia - Legal rocket science. \u015awietni prawnicy od technologii.","robots":{"index":"index","follow":"follow","max-snippet":"max-snippet:-1","max-image-preview":"max-image-preview:large","max-video-preview":"max-video-preview:-1"},"canonical":"https:\/\/legalrocketscience.com\/en\/szkolenia\/","og_locale":"en_GB","og_type":"article","og_title":"Szkolenia - Legal rocket science. \u015awietni prawnicy od technologii.","og_description":"Pracujemy nad materia\u0142ami, kt\u00f3re b\u0119d\u0105 tutaj ju\u017c wkr\u00f3tce dost\u0119pne. Je\u017celi chcesz by\u0107 na bie\u017c\u0105co, zapisz si\u0119 do naszego newslettera &#8211; poinformujemy Ci\u0119 o opublikowaniu nowych kurs\u00f3w.","og_url":"https:\/\/legalrocketscience.com\/en\/szkolenia\/","og_site_name":"Legal rocket science. \u015awietni prawnicy od technologii.","article_modified_time":"2025-03-10T01:13:30+00:00","og_image":[{"url":"https:\/\/legalrocketscience.com\/wp-content\/uploads\/2025\/03\/image.png","type":"","width":"","height":""}],"twitter_card":"summary_large_image","twitter_misc":{"Estimated reading time":"1 minute"},"schema":{"@context":"https:\/\/schema.org","@graph":[{"@type":"WebPage","@id":"https:\/\/legalrocketscience.com\/szkolenia\/","url":"https:\/\/legalrocketscience.com\/szkolenia\/","name":"Szkolenia - Legal rocket science. \u015awietni prawnicy od technologii.","isPartOf":{"@id":"https:\/\/legalrocketscience.com\/#website"},"primaryImageOfPage":{"@id":"https:\/\/legalrocketscience.com\/szkolenia\/#primaryimage"},"image":{"@id":"https:\/\/legalrocketscience.com\/szkolenia\/#primaryimage"},"thumbnailUrl":"https:\/\/legalrocketscience.com\/wp-content\/uploads\/2025\/03\/image.png","datePublished":"2025-02-14T21:29:29+00:00","dateModified":"2025-03-10T01:13:30+00:00","breadcrumb":{"@id":"https:\/\/legalrocketscience.com\/szkolenia\/#breadcrumb"},"inLanguage":"en-GB","potentialAction":[{"@type":"ReadAction","target":["https:\/\/legalrocketscience.com\/szkolenia\/"]}]},{"@type":"ImageObject","inLanguage":"en-GB","@id":"https:\/\/legalrocketscience.com\/szkolenia\/#primaryimage","url":"https:\/\/legalrocketscience.com\/wp-content\/uploads\/2025\/03\/image.png","contentUrl":"https:\/\/legalrocketscience.com\/wp-content\/uploads\/2025\/03\/image.png"},{"@type":"BreadcrumbList","@id":"https:\/\/legalrocketscience.com\/szkolenia\/#breadcrumb","itemListElement":[{"@type":"ListItem","position":1,"name":"Strona g\u0142\u00f3wna","item":"https:\/\/legalrocketscience.com\/"},{"@type":"ListItem","position":2,"name":"Szkolenia"}]},{"@type":"WebSite","@id":"https:\/\/legalrocketscience.com\/#website","url":"https:\/\/legalrocketscience.com\/","name":"\u015awietni prawnicy od technologii","description":"Z nami prawo ma sens - znamy na to przepis.","publisher":{"@id":"https:\/\/legalrocketscience.com\/#organization"},"alternateName":"Lawyers excelling in new tech law","potentialAction":[{"@type":"SearchAction","target":{"@type":"EntryPoint","urlTemplate":"https:\/\/legalrocketscience.com\/?s={search_term_string}"},"query-input":{"@type":"PropertyValueSpecification","valueRequired":true,"valueName":"search_term_string"}}],"inLanguage":"en-GB"},{"@type":"Organization","@id":"https:\/\/legalrocketscience.com\/#organization","name":"\u015awietni prawnicy od technologii.","alternateName":"Lawyers excelling in new tech law","url":"https:\/\/legalrocketscience.com\/","logo":{"@type":"ImageObject","inLanguage":"en-GB","@id":"https:\/\/legalrocketscience.com\/#\/schema\/logo\/image\/","url":"https:\/\/legalrocketscience.com\/wp-content\/uploads\/2025\/02\/logo_legalrocketscience_white_web-scaled.jpg","contentUrl":"https:\/\/legalrocketscience.com\/wp-content\/uploads\/2025\/02\/logo_legalrocketscience_white_web-scaled.jpg","width":2560,"height":1051,"caption":"\u015awietni prawnicy od technologii."},"image":{"@id":"https:\/\/legalrocketscience.com\/#\/schema\/logo\/image\/"}}]}},"_links":{"self":[{"href":"https:\/\/legalrocketscience.com\/en\/wp-json\/wp\/v2\/pages\/687","targetHints":{"allow":["GET"]}}],"collection":[{"href":"https:\/\/legalrocketscience.com\/en\/wp-json\/wp\/v2\/pages"}],"about":[{"href":"https:\/\/legalrocketscience.com\/en\/wp-json\/wp\/v2\/types\/page"}],"author":[{"embeddable":true,"href":"https:\/\/legalrocketscience.com\/en\/wp-json\/wp\/v2\/users\/1"}],"replies":[{"embeddable":true,"href":"https:\/\/legalrocketscience.com\/en\/wp-json\/wp\/v2\/comments?post=687"}],"version-history":[{"count":7,"href":"https:\/\/legalrocketscience.com\/en\/wp-json\/wp\/v2\/pages\/687\/revisions"}],"predecessor-version":[{"id":1155,"href":"https:\/\/legalrocketscience.com\/en\/wp-json\/wp\/v2\/pages\/687\/revisions\/1155"}],"wp:attachment":[{"href":"https:\/\/legalrocketscience.com\/en\/wp-json\/wp\/v2\/media?parent=687"}],"curies":[{"name":"wp","href":"https:\/\/api.w.org\/{rel}","templated":true}]}}